{"id":970,"date":"2022-09-26T12:28:36","date_gmt":"2022-09-26T12:28:36","guid":{"rendered":"https:\/\/foire-st-martin.ch\/?page_id=970"},"modified":"2026-05-03T09:01:37","modified_gmt":"2026-05-03T09:01:37","slug":"programme","status":"publish","type":"page","link":"https:\/\/foire-st-martin.ch\/de\/programme\/","title":{"rendered":"Programme"},"content":{"rendered":"<p>[et_pb_section fb_built=&#8221;1&#8243; _builder_version=&#8221;4.18.0&#8243; _module_preset=&#8221;default&#8221; custom_padding=&#8221;||||false|false&#8221; global_colors_info=&#8221;{}&#8221;][et_pb_row _builder_version=&#8221;4.18.0&#8243; _module_preset=&#8221;default&#8221; custom_padding=&#8221;|15px||15px|false|false&#8221; global_colors_info=&#8221;{}&#8221;][et_pb_column type=&#8221;4_4&#8243; _builder_version=&#8221;4.18.0&#8243; _module_preset=&#8221;default&#8221; global_colors_info=&#8221;{}&#8221;][et_pb_text _builder_version=&#8221;4.18.0&#8243; _module_preset=&#8221;default&#8221; global_colors_info=&#8221;{}&#8221;]<\/p>\n<h1>Programme 2026<br \/>555<sup>\u00e8me<\/sup> Foire de la Saint-Martin \u00e0 Vevey<\/h1>\n<p>[\/et_pb_text][\/et_pb_column][\/et_pb_row][et_pb_row _builder_version=&#8221;4.18.0&#8243; _module_preset=&#8221;default&#8221; global_colors_info=&#8221;{}&#8221;][et_pb_column type=&#8221;4_4&#8243; _builder_version=&#8221;4.18.0&#8243; _module_preset=&#8221;default&#8221; global_colors_info=&#8221;{}&#8221;][et_pb_text _builder_version=&#8221;4.18.0&#8243; _module_preset=&#8221;default&#8221; custom_padding=&#8221;|15px|1px|15px|false|false&#8221; inline_fonts=&#8221;Archivo,Architects Daughter&#8221; global_colors_info=&#8221;{}&#8221;]<\/p>\n<h4>&#8211; 555 raisons de faire la Foire !-<\/h4>\n<p>&nbsp;<\/p>\n<p><strong>Vendredi 30 octobre : Lunch de soutien, cort\u00e8ge au flambeau des enfants, Veill\u00e9 du Boeuf, B4Beef Party<br \/>Samedi 31 octobre : Foire de la Saint-Martin &#038; Grand Cort\u00e8ge, Ouverture des caveaux, 4-Heures de la Saint-Martin, After Beef Party<br \/>Dimanche 1er novembre : Brunch de la Saint-Martin\u00a0<\/strong><\/p>\n<p><strong><\/strong><\/p>\n<p><strong><\/strong><\/p>\n<h4><strong>Les nouveaut\u00e9s cette ann\u00e9e :<\/strong><\/h4>\n<h4><strong><span style=\"font-size: x-large;\">Le Lunch de soutien de la Saint-Martin<\/span>, en partenariat avec la <span style=\"color: #e09900;\"><a href=\"https:\/\/sicvevey.ch\/\" style=\"color: #e09900;\" rel=\"nofollow noopener\" target=\"_blank\"><span style=\"color: #ffd000;\">SIC<\/span><\/a><\/span><\/strong><br \/>-> Vendredi 30 octobre, de 11h30 \u00e0 15h, Salle del Castillo<br \/>-> <span style=\"color: #ffd000;\"><a href=\"\/boutique\" style=\"color: #ffd000;\"><span style=\"color: #000000;\">Prix, menu et vente des billets bient\u00f4t disponible !<\/span><\/a><\/span><\/h4>\n<p>&nbsp;<\/p>\n<h4><strong><span style=\"font-size: x-large;\">La B4Beef Party<\/span><span style=\"color: #ffd000;\"><\/span><br \/><\/strong>-> Vendredi soir 30 octobre, Salle del Castillo<br \/>-> Infos d\u00e9taill\u00e9es \u00e0 venir<\/h4>\n<p>&nbsp;<\/p>\n<h4><strong><span style=\"font-size: x-large;\">Les 4-heures de la Saint-Martin<\/span><br \/><\/strong>-> Samedi 31 octobre, Galeries du Rivage<br \/>-> 4-heures, animation musicale<br \/>-> Infos d\u00e9taill\u00e9es \u00e0 venir<\/h4>\n<p>&nbsp;<\/p>\n<p>&nbsp;<\/p>\n<p>[\/et_pb_text][\/et_pb_column][\/et_pb_row][et_pb_row module_class=&#8221;splitter&#8221; _builder_version=&#8221;4.18.0&#8243; _module_preset=&#8221;default&#8221; global_colors_info=&#8221;{}&#8221;][et_pb_column type=&#8221;4_4&#8243; _builder_version=&#8221;4.18.0&#8243; _module_preset=&#8221;default&#8221; global_colors_info=&#8221;{}&#8221;][et_pb_text content_tablet=&#8221;&#8221; content_phone=&#8221;<\/p>\n<h2><span style=%22color: #ffffff;%22><strong>Vendredi 30 octobre<\/strong> : Veill\u00e9e du Boeuf <\/span><span style=%22color: #ffffff;%22><br \/><\/span><\/h2>\n<p>&#8221; content_last_edited=&#8221;on|phone&#8221; _builder_version=&#8221;4.18.0&#8243; _module_preset=&#8221;default&#8221; custom_margin=&#8221;||77px|||&#8221; global_colors_info=&#8221;{}&#8221;]<\/p>\n<h2><span style=\"color: #ffffff;\"><strong>Vendredi 30 octobre<\/strong>\u00a0: Veill\u00e9e du B\u0153uf<\/span><span style=\"color: #ffffff;\"><br \/><\/span><\/h2>\n<p>[\/et_pb_text][\/et_pb_column][\/et_pb_row][et_pb_row _builder_version=&#8221;4.18.0&#8243; _module_preset=&#8221;default&#8221; custom_padding=&#8221;||0px|||&#8221; global_colors_info=&#8221;{}&#8221;][et_pb_column type=&#8221;4_4&#8243; _builder_version=&#8221;4.18.0&#8243; _module_preset=&#8221;default&#8221; global_colors_info=&#8221;{}&#8221;][et_pb_text _builder_version=&#8221;4.18.0&#8243; _module_preset=&#8221;default&#8221; custom_padding=&#8221;|15px||15px|false|false&#8221; global_colors_info=&#8221;{}&#8221;]<\/p>\n<table style=\"border-collapse: collapse; width: 100%; height: 96px;\" border=\"1\">\n<tbody>\n<tr>\n<td style=\"width: 50%;\">D\u00e8s ~12h<\/td>\n<td style=\"width: 50%;\">\n<ul>\n<li>Lunch de soutien de la Saint-Martin, en partenariat avec la SIC,<br \/>Salle del Castillo<\/li>\n<\/ul>\n<\/td>\n<\/tr>\n<tr>\n<td style=\"width: 50%;\">D\u00e8s ~18h<\/td>\n<td style=\"width: 50%;\">\n<ul>\n<li>B4Beef Party \u00e0 la Salle Del Castillo<\/li>\n<\/ul>\n<\/td>\n<\/tr>\n<tr>\n<td style=\"width: 50%;\">D\u00e8s 18h<\/td>\n<td style=\"width: 50%;\">\n<ul>\n<li>Grenette : Saucisses grill\u00e9es, soupe aux pois et galettes de la Saint-Martin. <strong>Pr\u00e9vente des portions de boeuf\/gratin<\/strong>.<br \/><strong><span style=\"color: #ffd000;\"><a href=\"\/flambeaux\" style=\"color: #ffd000;\">Fabrication de flambeaux<\/a><\/span><\/strong><strong><span style=\"color: #ffd000;\"><span style=\"color: #e09900;\"><a href=\"https:\/\/foire-st-martin.ch\/de\/wp-content\/uploads\/2024\/10\/Plan-Cortege-flambeaux.jpg\" style=\"color: #e09900;\"><span style=\"color: #ffd000;\"><\/span><\/a><\/span><\/span><\/strong><\/li>\n<\/ul>\n<\/td>\n<\/tr>\n<tr>\n<td style=\"width: 50%;\">17h &#8211; 01h<\/td>\n<td style=\"width: 50%;\">\n<ul>\n<li>Ouverture publique du <strong>Caveau de la Saint-Martin<\/strong> (Rue des Deux-March\u00e9s 3) &#038; du <strong>Caveau des Cents Suisses<\/strong><\/li>\n<\/ul>\n<\/td>\n<\/tr>\n<tr>\n<td style=\"width: 50%;\">Env. 18h45<\/td>\n<td style=\"width: 50%;\">\n<ul>\n<li>Animation musicale sous la Grenette, par <strong><span style=\"color: #ffd000;\"><a href=\"https:\/\/lyredevevey.ch\/\" style=\"color: #ffd000;\" rel=\"nofollow noopener\" target=\"_blank\">La Lyre<\/a><\/span><\/strong> et <strong><span style=\"color: #ffd000;\"><a href=\"https:\/\/www.tunahelvetica.ch\/\" style=\"color: #ffd000;\" rel=\"nofollow noopener\" target=\"_blank\">Tuna Helvetica.<\/a><\/span><\/strong><\/li>\n<li>Bar et animations musicales jusqu&#8217;\u00e0 22h<\/li>\n<\/ul>\n<\/td>\n<\/tr>\n<tr>\n<td style=\"width: 50%;\">Toute la nuit<\/td>\n<td style=\"width: 50%;\">\n<ul>\n<li>Veill\u00e9e du B\u0153uf &#8211; cuisson sur place par nos partenaires bouchers\/grilleurs<\/li>\n<\/ul>\n<\/td>\n<\/tr>\n<\/tbody>\n<\/table>\n<p>[\/et_pb_text][\/et_pb_column][\/et_pb_row][et_pb_row module_class=&#8221;splitter&#8221; _builder_version=&#8221;4.18.0&#8243; _module_preset=&#8221;default&#8221; global_colors_info=&#8221;{}&#8221;][et_pb_column type=&#8221;4_4&#8243; _builder_version=&#8221;4.18.0&#8243; _module_preset=&#8221;default&#8221; global_colors_info=&#8221;{}&#8221;][et_pb_text _builder_version=&#8221;4.18.0&#8243; _module_preset=&#8221;default&#8221; global_colors_info=&#8221;{}&#8221;]<\/p>\n<h2><span style=\"color: #ffffff;\"><strong>Samedi 31 octobre : <\/strong>Jour de la Foire<\/span><\/h2>\n<p>[\/et_pb_text][\/et_pb_column][\/et_pb_row][et_pb_row _builder_version=&#8221;4.18.0&#8243; _module_preset=&#8221;default&#8221; global_colors_info=&#8221;{}&#8221;][et_pb_column type=&#8221;4_4&#8243; _builder_version=&#8221;4.18.0&#8243; _module_preset=&#8221;default&#8221; global_colors_info=&#8221;{}&#8221;][et_pb_text _builder_version=&#8221;4.18.0&#8243; _module_preset=&#8221;default&#8221; custom_padding=&#8221;|15px||15px|false|false&#8221; global_colors_info=&#8221;{}&#8221;]<\/p>\n<p>&nbsp;<\/p>\n<table style=\"border-collapse: collapse; width: 100%; height: 96px;\" border=\"1\">\n<tbody>\n<tr>\n<td style=\"width: 50%;\">D\u00e8s 7h<\/td>\n<td style=\"width: 50%;\">\n<ul>\n<li><strong>Annonce<\/strong> de la Foire avec les Fifres et Tambours de B\u00e2le (d\u00e8s 7h).<\/li>\n<li><strong>Ouverture des stands<\/strong> r\u00e9partis entre la Vieille-Ville et la Place du March\u00e9.<\/li>\n<li>D\u00e9gustation &#038; blindtest de fromages d&#8217;alpage dans le cadre du &#8220;Concours de Fromages d&#8217;Alpage Vaudois&#8221;, pr\u00e8s de la Grenette.<\/li>\n<\/ul>\n<\/td>\n<\/tr>\n<tr>\n<td style=\"width: 50%;\">9h &#8211; Attention nouvel horaire !<\/td>\n<td style=\"width: 50%;\">\n<ul>\n<li>D\u00e9part du traditionnel <strong>Grand Cort\u00e8ge<\/strong> avec les animaux de la ferme \u00e0 travers le centre de la ville (d\u00e8s Entre-Deux-Villes) avec la participation de son Excellence Saint-Martin, des Milices Vaudoises \u00e0 cheval et des Mousquetaires avec tambours, des Fifres et Tambours de B\u00e2le, de classes des \u00c9coles de Vevey, etc.<br \/>D\u00e9part du groupe Cor des Alpes &#8211; 8H45<br \/><a href=\"https:\/\/foire-st-martin.ch\/de\/wp-content\/uploads\/2025\/08\/Capture-decran_29-7-2025_14122_map.cartoriviera.ch_.jpeg\" rel=\"lightbox[mapx]\" id=\"cortegeprincipal\"><span style=\"color: #ffd000;\"><strong>Plan du cort\u00e8ge Principal 2025<\/strong><\/span><\/a><\/li>\n<\/ul>\n<\/td>\n<\/tr>\n<tr>\n<td style=\"width: 50%;\">D\u00e8s 9h30<\/td>\n<td style=\"width: 50%;\">\n<ul>\n<li>Ouverture de la <strong>cantine<\/strong> &#8211; Saucisses grill\u00e9es.<\/li>\n<\/ul>\n<\/td>\n<\/tr>\n<tr>\n<td style=\"width: 50%;\">10h00<\/td>\n<td style=\"width: 50%;\">\n<ul>\n<li><strong>C\u00e9r\u00e9monial de la Confr\u00e9rie de la St-Martin, notamment :<\/strong> Proclamation de l&#8217;ouverture de la Foire, allocution de la Confr\u00e9rie, message des Autorit\u00e9s, de la marraine, partage du manteau de St-Martin, intronisation de Cons\u0153urs et Confr\u00e8res.<br \/><strong>&#8211; Devant la Salle del Castillo &#8211;<\/strong><\/li>\n<li>Ouverture des<strong> &#8220;Ateliers Nonnettes&#8221; <\/strong>chez notre partenaire l&#8217;Alimentarium.<\/li>\n<li><span style=\"color: #666666;\">Ouverture de la <strong>Camera Minutera<\/strong><a href=\"https:\/\/www.cameramuseum.ch\/evenement\/votre-portrait-par-un-photographe-ambulant-traditionnel\/\" rel=\"nofollow noopener\" target=\"_blank\"><strong><span style=\"color: #ffd000;\"><\/span><\/strong><\/a><\/span><span style=\"color: #666666;\">. <\/span><\/li>\n<\/ul>\n<\/td>\n<\/tr>\n<tr>\n<td style=\"width: 50%;\">11h &#8211; 01h<\/td>\n<td style=\"width: 50%;\">\n<ul>\n<li>Ouverture publique du <strong>Caveau de la Saint-Martin<\/strong> (Rue des Deux-March\u00e9s 3) &#038; du <strong>Caveau des Cents Suisses.<\/strong><span style=\"color: #ffd000;\"><\/span><\/li>\n<\/ul>\n<\/td>\n<\/tr>\n<tr>\n<td style=\"width: 50%;\">11h30<\/td>\n<td style=\"width: 50%;\">\n<ul>\n<li>D\u00e9monstration de la <strong>traite des vaches<\/strong> (vers la tente des animaux).<\/li>\n<\/ul>\n<\/td>\n<\/tr>\n<tr>\n<td style=\"width: 50%;\">11h30<\/td>\n<td style=\"width: 50%;\">\n<ul>\n<li><strong>Services<\/strong> :<br \/>du B\u0153uf \u00e0 la broche &#8211; gratin (Grenette)<br \/>du Papet vaudois (Galeries du Rivage + salle del Castillo)<\/li>\n<\/ul>\n<\/td>\n<\/tr>\n<tr>\n<td style=\"width: 50%;\">15h<\/td>\n<td style=\"width: 50%;\">\n<ul>\n<li><strong>Retour en cort\u00e8ge<\/strong> des animaux par le quai Perdonnet<\/li>\n<\/ul>\n<\/td>\n<\/tr>\n<tr>\n<td style=\"width: 50%;\">16h<\/td>\n<td style=\"width: 50%;\">\n<ul>\n<li><strong>Les 4-heures de la Saint-Martin,<\/strong> aux Galeries du Rivage, avec animations<\/li>\n<\/ul>\n<\/td>\n<\/tr>\n<tr>\n<td style=\"width: 50%;\">17h<\/td>\n<td style=\"width: 50%;\">\n<ul>\n<li><strong>Proclamation des r\u00e9sultats <\/strong>du &#8220;Concours de Fromages d&#8217;Alpages Vaudois&#8221;.<\/li>\n<\/ul>\n<\/td>\n<\/tr>\n<tr>\n<td style=\"width: 50%;\">18h<\/td>\n<td style=\"width: 50%;\">\n<ul>\n<li>Fermeture de la Foire.<\/li>\n<\/ul>\n<\/td>\n<\/tr>\n<tr>\n<td style=\"width: 50%;\">d\u00e8s 20h<\/td>\n<td style=\"width: 50%;\">\n<ul>\n<li>AfterBeef Party &#8211; Soir\u00e9e dansante sous la Grenette avec Vibration-Events<\/li>\n<\/ul>\n<\/td>\n<\/tr>\n<tr>\n<td style=\"width: 50%;\">jusqu&#8217;\u00e0 01h<\/td>\n<td style=\"width: 50%;\">\n<ul>\n<li>Ouverture des caveaux &#8211; Rue des Deux-March\u00e9s<\/li>\n<\/ul>\n<\/td>\n<\/tr>\n<\/tbody>\n<\/table>\n<p>[\/et_pb_text][\/et_pb_column][\/et_pb_row][et_pb_row module_class=&#8221;splitter&#8221; _builder_version=&#8221;4.18.0&#8243; _module_preset=&#8221;default&#8221; global_colors_info=&#8221;{}&#8221;][et_pb_column type=&#8221;4_4&#8243; _builder_version=&#8221;4.18.0&#8243; _module_preset=&#8221;default&#8221; global_colors_info=&#8221;{}&#8221;][et_pb_text _builder_version=&#8221;4.18.0&#8243; _module_preset=&#8221;default&#8221; global_colors_info=&#8221;{}&#8221;]<\/p>\n<h2><span style=\"color: #ffffff;\"><strong>Dimanche 1er novembre : Brunch de la Saint-Martin<\/strong><\/span><\/h2>\n<p>[\/et_pb_text][\/et_pb_column][\/et_pb_row][et_pb_row _builder_version=&#8221;4.18.0&#8243; _module_preset=&#8221;default&#8221; custom_padding=&#8221;||25px|||&#8221; global_colors_info=&#8221;{}&#8221;][et_pb_column type=&#8221;4_4&#8243; _builder_version=&#8221;4.18.0&#8243; _module_preset=&#8221;default&#8221; global_colors_info=&#8221;{}&#8221;][et_pb_text _builder_version=&#8221;4.18.0&#8243; _module_preset=&#8221;default&#8221; custom_padding=&#8221;|15px||15px|false|false&#8221; global_colors_info=&#8221;{}&#8221;]<\/p>\n<p>En partenariat avec <a href=\"https:\/\/www.vaud.ch\/\" rel=\"nofollow noopener\" target=\"_blank\"><strong><span style=\"color: #e09900;\">Vaud Promotion<\/span><\/strong><\/a>, la Confr\u00e9rie de la Saint-Martin a le plaisir de vous proposer pour la premi\u00e8re fois le <strong>BRUNCH DE LA SAINT-MARTIN <\/strong>aux Galeries du Rivage !<\/p>\n<p>Ouverture des portes 11h15, brunch 11h30-15h<\/p>\n<p><span style=\"color: #ffd000;\"><strong><a href=\"\/boutique\" style=\"color: #ffd000;\">Billets en vente prochainement.\u00a0<\/a><\/strong><\/span><\/p>\n<p>Au menu, tradition, terroir et produits locaux !<\/p>\n<p>Plus d&#8217;information sur <strong><span style=\"color: #ffd000;\"><a href=\"https:\/\/foire-st-martin.ch\/de\/le-brunch-de-la-saint-martin\/\" style=\"color: #ffd000;\">notre article d\u00e9di\u00e9.<\/a><\/span><\/strong><\/p>\n<p>[\/et_pb_text][\/et_pb_column][\/et_pb_row][et_pb_row module_class=&#8221;splitter&#8221; _builder_version=&#8221;4.18.0&#8243; _module_preset=&#8221;default&#8221; global_colors_info=&#8221;{}&#8221;][et_pb_column type=&#8221;4_4&#8243; _builder_version=&#8221;4.18.0&#8243; _module_preset=&#8221;default&#8221; global_colors_info=&#8221;{}&#8221;][et_pb_text _builder_version=&#8221;4.18.0&#8243; _module_preset=&#8221;default&#8221; global_colors_info=&#8221;{}&#8221;]<\/p>\n<h2><span style=\"color: #ffffff;\"><strong>Infos sp\u00e9ciales<br \/><\/strong><\/span><\/h2>\n<p>[\/et_pb_text][\/et_pb_column][\/et_pb_row][et_pb_row column_structure=&#8221;1_6,1_6,1_6,1_6,1_6,1_6&#8243; _builder_version=&#8221;4.18.0&#8243; _module_preset=&#8221;default&#8221; global_colors_info=&#8221;{}&#8221;][et_pb_column type=&#8221;1_6&#8243; _builder_version=&#8221;4.18.0&#8243; _module_preset=&#8221;default&#8221; global_colors_info=&#8221;{}&#8221;][et_pb_blurb title=&#8221;Vaisselle consign\u00e9e&#8221; use_icon=&#8221;on&#8221; font_icon=&#8221;&#xf1b8;||fa||900&#8243; icon_color=&#8221;#FFD000&#8243; image_icon_width=&#8221;100px&#8221; _builder_version=&#8221;4.18.0&#8243; header_font=&#8221;Montserrat|on|||&#8221; header_text_color=&#8221;#353740&#8243; header_font_size=&#8221;22px&#8221; header_line_height=&#8221;1.4em&#8221; body_font=&#8221;Montserrat||||&#8221; body_text_color=&#8221;#747d88&#8243; body_font_size=&#8221;16px&#8221; body_line_height=&#8221;1.8em&#8221; text_orientation=&#8221;center&#8221; custom_padding=&#8221;30px|0px|30px|0px|false|false&#8221; animation_style=&#8221;zoom&#8221; animation_delay=&#8221;100ms&#8221; link_option_url=&#8221;https:\/\/molotov.ch\/vaisselle-reutilisable\/&#8221; link_option_url_new_window=&#8221;on&#8221; border_width_all=&#8221;0px&#8221; border_color_all=&#8221;#dddddd&#8221; border_style_all=&#8221;solid&#8221; use_border_color=&#8221;on&#8221; border_color=&#8221;#dddddd&#8221; icon_font_size=&#8221;60px&#8221; global_colors_info=&#8221;{}&#8221;]<\/p>\n<p>De la vaisselle consign\u00e9e sera utilis\u00e9e dans nos cantines. <span style=\"color: #ffcc00;\"><strong><a href=\"https:\/\/foire-st-martin.ch\/de\/confrerie-don-des-consignes-de-la-foire\/\" style=\"color: #ffcc00;\">Offrez le montant de votre consigne !<\/a><\/strong><\/span><\/p>\n<p>[\/et_pb_blurb][\/et_pb_column][et_pb_column type=&#8221;1_6&#8243; _builder_version=&#8221;4.18.0&#8243; _module_preset=&#8221;default&#8221; global_colors_info=&#8221;{}&#8221;][et_pb_blurb title=&#8221;Chauffage&#8221; use_icon=&#8221;on&#8221; font_icon=&#8221;&#xf2c5;||fa||400&#8243; icon_color=&#8221;#FFD000&#8243; image_icon_width=&#8221;100px&#8221; _builder_version=&#8221;4.18.0&#8243; header_font=&#8221;Montserrat|on|||&#8221; header_text_color=&#8221;#353740&#8243; header_font_size=&#8221;22px&#8221; header_line_height=&#8221;1.4em&#8221; body_font=&#8221;Montserrat||||&#8221; body_text_color=&#8221;#747d88&#8243; body_font_size=&#8221;16px&#8221; body_line_height=&#8221;1.8em&#8221; text_orientation=&#8221;center&#8221; custom_padding=&#8221;30px|0px|30px|0px|false|false&#8221; animation_style=&#8221;zoom&#8221; animation_delay=&#8221;200ms&#8221; link_option_url_new_window=&#8221;on&#8221; border_width_all=&#8221;0px&#8221; border_color_all=&#8221;#dddddd&#8221; border_style_all=&#8221;solid&#8221; use_border_color=&#8221;on&#8221; border_color=&#8221;#dddddd&#8221; icon_font_size=&#8221;60px&#8221; global_colors_info=&#8221;{}&#8221;]<\/p>\n<p>Nous n&#8217;installerons plus de chauffage au gaz, habillez-vous !<\/p>\n<p>[\/et_pb_blurb][\/et_pb_column][et_pb_column type=&#8221;1_6&#8243; _builder_version=&#8221;4.18.0&#8243; _module_preset=&#8221;default&#8221; global_colors_info=&#8221;{}&#8221;][et_pb_blurb title=&#8221;Transports&#8221; url=&#8221;https:\/\/www.vmcv.ch\/&#8221; use_icon=&#8221;on&#8221; font_icon=&#8221;&#xf207;||fa||900&#8243; icon_color=&#8221;#FFD000&#8243; image_icon_width=&#8221;100px&#8221; _builder_version=&#8221;4.18.0&#8243; header_font=&#8221;Montserrat|on|||&#8221; header_text_color=&#8221;#353740&#8243; header_font_size=&#8221;22px&#8221; header_line_height=&#8221;1.4em&#8221; body_font=&#8221;Montserrat||||&#8221; body_text_color=&#8221;#747d88&#8243; body_font_size=&#8221;16px&#8221; body_line_height=&#8221;1.8em&#8221; text_orientation=&#8221;center&#8221; custom_padding=&#8221;30px|0px|30px|0px|false|false&#8221; animation_style=&#8221;zoom&#8221; animation_delay=&#8221;200ms&#8221; link_option_url_new_window=&#8221;on&#8221; border_width_all=&#8221;0px&#8221; border_color_all=&#8221;#dddddd&#8221; border_style_all=&#8221;solid&#8221; use_border_color=&#8221;on&#8221; border_color=&#8221;#dddddd&#8221; icon_font_size=&#8221;60px&#8221; global_colors_info=&#8221;{}&#8221;]<\/p>\n<p>Circulation difficile pendant la Foire. Prenez les transports publics !<\/p>\n<p>[\/et_pb_blurb][\/et_pb_column][et_pb_column type=&#8221;1_6&#8243; _builder_version=&#8221;4.18.0&#8243; _module_preset=&#8221;default&#8221; global_colors_info=&#8221;{}&#8221;][et_pb_blurb title=&#8221;M\u00e9t\u00e9o&#8221; url=&#8221;https:\/\/www.meteosuisse.admin.ch\/#tab=forecast-map&#8221; use_icon=&#8221;on&#8221; font_icon=&#8221;&#xf0e9;||fa||900&#8243; icon_color=&#8221;#FFD000&#8243; image_icon_width=&#8221;100px&#8221; _builder_version=&#8221;4.18.0&#8243; header_font=&#8221;Montserrat|on|||&#8221; header_text_color=&#8221;#353740&#8243; header_font_size=&#8221;22px&#8221; header_line_height=&#8221;1.4em&#8221; body_font=&#8221;Montserrat||||&#8221; body_text_color=&#8221;#747d88&#8243; body_font_size=&#8221;16px&#8221; body_line_height=&#8221;1.8em&#8221; text_orientation=&#8221;center&#8221; custom_padding=&#8221;30px|0px|30px|0px|false|false&#8221; animation_style=&#8221;zoom&#8221; animation_delay=&#8221;200ms&#8221; link_option_url_new_window=&#8221;on&#8221; border_width_all=&#8221;0px&#8221; border_color_all=&#8221;#dddddd&#8221; border_style_all=&#8221;solid&#8221; use_border_color=&#8221;on&#8221; border_color=&#8221;#dddddd&#8221; icon_font_size=&#8221;60px&#8221; global_colors_info=&#8221;{}&#8221;]<\/p>\n<p>La Foire a lieu par tout les temps !<\/p>\n<p>[\/et_pb_blurb][\/et_pb_column][et_pb_column type=&#8221;1_6&#8243; _builder_version=&#8221;4.18.0&#8243; _module_preset=&#8221;default&#8221; global_colors_info=&#8221;{}&#8221;][et_pb_blurb title=&#8221;Payement sur place&#8221; use_icon=&#8221;on&#8221; font_icon=&#8221;&#xe0f3;||divi||400&#8243; icon_color=&#8221;#FFD000&#8243; image_icon_width=&#8221;100px&#8221; _builder_version=&#8221;4.18.0&#8243; header_font=&#8221;Montserrat|on|||&#8221; header_text_color=&#8221;#353740&#8243; header_font_size=&#8221;22px&#8221; header_line_height=&#8221;1.4em&#8221; body_font=&#8221;Montserrat||||&#8221; body_text_color=&#8221;#747d88&#8243; body_font_size=&#8221;16px&#8221; body_line_height=&#8221;1.8em&#8221; text_orientation=&#8221;center&#8221; custom_padding=&#8221;30px|0px|30px|0px|false|false&#8221; animation_style=&#8221;zoom&#8221; animation_delay=&#8221;200ms&#8221; link_option_url_new_window=&#8221;on&#8221; border_width_all=&#8221;0px&#8221; border_color_all=&#8221;#dddddd&#8221; border_style_all=&#8221;solid&#8221; use_border_color=&#8221;on&#8221; border_color=&#8221;#dddddd&#8221; icon_font_size=&#8221;60px&#8221; global_colors_info=&#8221;{}&#8221;]<\/p>\n<p>Cash\/cartes\/twint aux stands g\u00e9r\u00e9s par la Confr\u00e9rie. Chaque stand dispose ensuite de ses propres solutions de payement. <\/p>\n<p>[\/et_pb_blurb][\/et_pb_column][et_pb_column type=&#8221;1_6&#8243; _builder_version=&#8221;4.18.0&#8243; _module_preset=&#8221;default&#8221; global_colors_info=&#8221;{}&#8221;][et_pb_blurb title=&#8221;WC&#8221; use_icon=&#8221;on&#8221; font_icon=&#8221;&#xf7d8;||fa||900&#8243; icon_color=&#8221;#FFD000&#8243; image_icon_width=&#8221;100px&#8221; _builder_version=&#8221;4.18.0&#8243; header_font=&#8221;Montserrat|on|||&#8221; header_text_color=&#8221;#353740&#8243; header_font_size=&#8221;22px&#8221; header_line_height=&#8221;1.4em&#8221; body_font=&#8221;Montserrat||||&#8221; body_text_color=&#8221;#747d88&#8243; body_font_size=&#8221;16px&#8221; body_line_height=&#8221;1.8em&#8221; text_orientation=&#8221;center&#8221; custom_padding=&#8221;30px|0px|30px|0px|false|false&#8221; animation_style=&#8221;zoom&#8221; animation_delay=&#8221;200ms&#8221; link_option_url_new_window=&#8221;on&#8221; border_width_all=&#8221;0px&#8221; border_color_all=&#8221;#dddddd&#8221; border_style_all=&#8221;solid&#8221; use_border_color=&#8221;on&#8221; border_color=&#8221;#dddddd&#8221; icon_font_size=&#8221;60px&#8221; global_colors_info=&#8221;{}&#8221;]<\/p>\n<p>Toilettes publiques disponibles \u00e0 la Place Scanavin ou au Jardin du Rivage.<\/p>\n<p>[\/et_pb_blurb][\/et_pb_column][\/et_pb_row][\/et_pb_section]<\/p>\n","protected":false},"excerpt":{"rendered":"<p>Programme 2026555\u00e8me Foire de la Saint-Martin \u00e0 Vevey- 555 raisons de faire la Foire !- &nbsp; Vendredi 30 octobre : Lunch de soutien, cort\u00e8ge au flambeau des enfants, Veill\u00e9 du Boeuf, B4Beef PartySamedi 31 octobre : Foire de la Saint-Martin &#038; Grand Cort\u00e8ge, Ouverture des caveaux, 4-Heures de la Saint-Martin, After Beef PartyDimanche 1er novembre [&hellip;]<\/p>\n","protected":false},"author":5,"featured_media":0,"parent":0,"menu_order":0,"comment_status":"closed","ping_status":"closed","template":"","meta":{"_et_pb_use_builder":"on","_et_pb_old_content":"","_et_gb_content_width":"","pgc_sgb_lightbox_settings":"","footnotes":""},"class_list":["post-970","page","type-page","status-publish","hentry"],"jetpack_sharing_enabled":true,"rttpg_featured_image_url":null,"rttpg_author":{"display_name":"Confr\u00e9rie Saint-Martin","author_link":"https:\/\/foire-st-martin.ch\/de\/author\/confrerie-st-martin\/"},"rttpg_comment":0,"rttpg_category":null,"rttpg_excerpt":"Programme 2026555\u00e8me Foire de la Saint-Martin \u00e0 Vevey- 555 raisons de faire la Foire !- &nbsp; Vendredi 30 octobre : Lunch de soutien, cort\u00e8ge au flambeau des enfants, Veill\u00e9 du Boeuf, B4Beef PartySamedi 31 octobre : Foire de la Saint-Martin & Grand Cort\u00e8ge, Ouverture des caveaux, 4-Heures de la Saint-Martin, After Beef PartyDimanche 1er novembre&hellip;","_links":{"self":[{"href":"https:\/\/foire-st-martin.ch\/de\/wp-json\/wp\/v2\/pages\/970","targetHints":{"allow":["GET"]}}],"collection":[{"href":"https:\/\/foire-st-martin.ch\/de\/wp-json\/wp\/v2\/pages"}],"about":[{"href":"https:\/\/foire-st-martin.ch\/de\/wp-json\/wp\/v2\/types\/page"}],"author":[{"embeddable":true,"href":"https:\/\/foire-st-martin.ch\/de\/wp-json\/wp\/v2\/users\/5"}],"replies":[{"embeddable":true,"href":"https:\/\/foire-st-martin.ch\/de\/wp-json\/wp\/v2\/comments?post=970"}],"version-history":[{"count":132,"href":"https:\/\/foire-st-martin.ch\/de\/wp-json\/wp\/v2\/pages\/970\/revisions"}],"predecessor-version":[{"id":5852,"href":"https:\/\/foire-st-martin.ch\/de\/wp-json\/wp\/v2\/pages\/970\/revisions\/5852"}],"wp:attachment":[{"href":"https:\/\/foire-st-martin.ch\/de\/wp-json\/wp\/v2\/media?parent=970"}],"curies":[{"name":"wp","href":"https:\/\/api.w.org\/{rel}","templated":true}]}}